
{"id":213,"date":"2021-12-02T14:43:15","date_gmt":"2021-12-02T13:43:15","guid":{"rendered":"https:\/\/babyjourney.hajagency.com\/?page_id=213"},"modified":"2025-04-17T10:09:12","modified_gmt":"2025-04-17T08:09:12","slug":"contact","status":"publish","type":"page","link":"https:\/\/webstaging.babyjourney.se\/en\/kontakt\/","title":{"rendered":"Contact"},"content":{"rendered":"<div>\n<h1>Kontakta s\u00e4ljteamet<\/h1>\n<\/div>\n<div>\n<h3>Nya uppdrag och samarbeten<\/h3>\n<div>\n<p><a href=\"mailto:sales@babyjourney.se\">sales@babyjourney.se<\/a><\/p>\n<\/div>\n<\/div>\n<ul>\n<li>\n<p>        <img decoding=\"async\" data-src=\"\/wp-content\/uploads\/2023\/01\/teambildveronica-1-scaled-e1674807188363.jpg\" alt=\"\" src=\"data:image\/svg+xml;base64,PHN2ZyB3aWR0aD0iMSIgaGVpZ2h0PSIxIiB4bWxucz0iaHR0cDovL3d3dy53My5vcmcvMjAwMC9zdmciPjwvc3ZnPg==\" class=\"lazyload\" style=\"--smush-placeholder-width: 1707px; --smush-placeholder-aspect-ratio: 1707\/1708;\"><\/p>\n<\/li>\n<li>\n<p>        <img decoding=\"async\" data-src=\"\/wp-content\/uploads\/2023\/01\/teambildtimmy-scaled-e1674484027703.jpg\" alt=\"\" src=\"data:image\/svg+xml;base64,PHN2ZyB3aWR0aD0iMSIgaGVpZ2h0PSIxIiB4bWxucz0iaHR0cDovL3d3dy53My5vcmcvMjAwMC9zdmciPjwvc3ZnPg==\" class=\"lazyload\" style=\"--smush-placeholder-width: 1707px; --smush-placeholder-aspect-ratio: 1707\/1708;\"><\/p>\n<\/li>\n<li>\n<p>        <img decoding=\"async\" data-src=\"\/wp-content\/uploads\/2023\/01\/linnea-scaled-e1674479643943.jpg\" alt=\"\" src=\"data:image\/svg+xml;base64,PHN2ZyB3aWR0aD0iMSIgaGVpZ2h0PSIxIiB4bWxucz0iaHR0cDovL3d3dy53My5vcmcvMjAwMC9zdmciPjwvc3ZnPg==\" class=\"lazyload\" style=\"--smush-placeholder-width: 1707px; --smush-placeholder-aspect-ratio: 1707\/1715;\"><\/p>\n<\/li>\n<\/ul>\n<div>\n<h3>Adress<\/h3>\n<div>\n<p><span>Artillerigatan 16<\/span><br \/><span>114 51 Stockholm<\/span><br \/><span>Sverige<\/span><\/p>\n<\/div>\n<\/div>\n<ul>\n<li>\n<p>        <img decoding=\"async\" data-src=\"\/wp-content\/uploads\/2021\/12\/facebook.svg\" alt=\"\" src=\"data:image\/svg+xml;base64,PHN2ZyB3aWR0aD0iMSIgaGVpZ2h0PSIxIiB4bWxucz0iaHR0cDovL3d3dy53My5vcmcvMjAwMC9zdmciPjwvc3ZnPg==\" class=\"lazyload\"><\/p>\n<h3>Facebook<\/h3>\n<p><a href=\"https:\/\/www.facebook.com\/babyjourneyapp\/\"><\/a><\/p>\n<\/li>\n<li>\n<p>        <img decoding=\"async\" data-src=\"\/wp-content\/uploads\/2023\/02\/instagram-ikon.svg\" alt=\"\" src=\"data:image\/svg+xml;base64,PHN2ZyB3aWR0aD0iMSIgaGVpZ2h0PSIxIiB4bWxucz0iaHR0cDovL3d3dy53My5vcmcvMjAwMC9zdmciPjwvc3ZnPg==\" class=\"lazyload\"><\/p>\n<h3>Instagram<\/h3>\n<p><a href=\"https:\/\/www.instagram.com\/babyjourneyapp\"><\/a><\/p>\n<\/li>\n<li>\n<p>        <img decoding=\"async\" data-src=\"\/wp-content\/uploads\/2021\/12\/pinterest.svg\" alt=\"\" src=\"data:image\/svg+xml;base64,PHN2ZyB3aWR0aD0iMSIgaGVpZ2h0PSIxIiB4bWxucz0iaHR0cDovL3d3dy53My5vcmcvMjAwMC9zdmciPjwvc3ZnPg==\" class=\"lazyload\"><\/p>\n<h3>Pinterest<\/h3>\n<p><a href=\"https:\/\/www.pinterest.com\/babyjourneyapp\/\"><\/a><\/p>\n<\/li>\n<li>\n<p>        <img decoding=\"async\" data-src=\"\/wp-content\/uploads\/2023\/01\/linkedin.svg\" alt=\"\" src=\"data:image\/svg+xml;base64,PHN2ZyB3aWR0aD0iMSIgaGVpZ2h0PSIxIiB4bWxucz0iaHR0cDovL3d3dy53My5vcmcvMjAwMC9zdmciPjwvc3ZnPg==\" class=\"lazyload\"><\/p>\n<h3>LinkedIn<\/h3>\n<p><a href=\"https:\/\/www.linkedin.com\/company\/baby-journey-ab\"><\/a><\/p>\n<\/li>\n<\/ul>\n<div>\n<h2>Kontakta oss<\/h2>\n<\/div>\n<div>\n\n<br \/>\n<script charset=\"utf-8\" type=\"text\/javascript\" src=\"\/\/js.hsforms.net\/forms\/embed\/v2.js\"><\/script><br \/>\n<script>\n  hbspt.forms.create({\n    region: \"na1\",\n    portalId: \"7086107\",\n    formId: \"e0121390-c7a8-41c7-936a-ad2804f3008a\"\n  });\n<\/script><br \/>\n\n\n<p>\n<\/div>\n<p><!--more--><br \/>\n<!-- {\"type\":\"layout\",\"children\":[{\"type\":\"section\",\"props\":{\"style\":\"secondary\",\"width\":\"default\",\"vertical_align\":\"middle\",\"title_position\":\"top-left\",\"title_rotation\":\"left\",\"title_breakpoint\":\"xl\",\"image_position\":\"center-center\",\"padding_remove_top\":false,\"header_transparent\":\"dark\",\"class\":\"contact-section\",\"css\":\"@media only screen and (max-width: 960px) {\\n\\n}\\n\",\"preserve_color\":true},\"children\":[{\"type\":\"row\",\"children\":[{\"type\":\"column\",\"props\":{\"image_position\":\"center-center\",\"media_overlay_gradient\":\"\",\"position_sticky_breakpoint\":\"m\"},\"children\":[{\"type\":\"module\",\"props\":{\"menu_style\":\"nav\",\"widget\":\"breadcrumbs-2\",\"type\":\"breadcrumbs\",\"margin_remove_bottom\":false},\"name\":\"Breadcrumbs\"}]}]},{\"type\":\"row\",\"children\":[{\"type\":\"column\",\"props\":{\"image_position\":\"center-center\",\"media_overlay_gradient\":\"\",\"css\":\".el-column {\\n\\tbackground: #4D3D71;;\\n    padding: 70px;\\n\\tborder-radius: 20px 20px 0 0;\\n}\\n\\n@media only screen and (min-width: 960px) {\\n    .el-column {\\n        border-radius: 20px 0px 0px 20px;\\n    }\\n}\\n\\n\",\"position_sticky_breakpoint\":\"m\",\"width_medium\":\"1-2\",\"attributes\":\"\",\"text_color\":\"light\"},\"children\":[{\"type\":\"panel\",\"props\":{\"link_text\":\"Read more\",\"title_hover_style\":\"reset\",\"title_element\":\"h1\",\"title_align\":\"top\",\"title_grid_width\":\"1-2\",\"title_grid_breakpoint\":\"m\",\"meta_style\":\"meta\",\"meta_align\":\"below-title\",\"meta_element\":\"div\",\"content_column_breakpoint\":\"m\",\"icon_width\":80,\"image_align\":\"left\",\"image_grid_width\":\"auto\",\"image_grid_breakpoint\":\"\",\"image_svg_color\":\"emphasis\",\"link_style\":\"default\",\"margin\":\"default\",\"title\":\"Kontakta s\\u00e4ljteamet\",\"image\":\"\",\"title_style\":\"h1\",\"title_color\":\"emphasis\",\"block_align\":\"center\",\"class\":\"uk-padding\",\"css\":\".el-element {\\n    top: -20px;\\n\\tpadding-top: 0px;\\n    padding-bottom: 0;\\n    padding: 0 30px 0 0;\\n}\\n\",\"margin_remove_bottom\":true,\"text_align\":\"left\"},\"name\":\"Kontakta oss\"},{\"type\":\"panel\",\"props\":{\"link_text\":\"Read more\",\"title_hover_style\":\"reset\",\"title_element\":\"h3\",\"title_align\":\"top\",\"title_grid_width\":\"1-2\",\"title_grid_breakpoint\":\"m\",\"meta_style\":\"meta\",\"meta_align\":\"below-title\",\"meta_element\":\"div\",\"content_column_breakpoint\":\"m\",\"icon_width\":80,\"image_align\":\"top\",\"image_grid_width\":\"1-2\",\"image_grid_breakpoint\":\"m\",\"image_svg_color\":\"emphasis\",\"link_style\":\"default\",\"margin\":\"default\",\"title\":\"Nya uppdrag och samarbeten\",\"content\":\"\n\n<p><a href=\\\"mailto:sales@babyjourney.se\\\">sales@babyjourney.se<\\\/a><\\\/p>\",\"css\":\".el-title{\\n\\tline-height: 1.3\\n}\"}},{\"type\":\"grid\",\"props\":{\"show_title\":true,\"show_meta\":true,\"show_content\":true,\"show_image\":true,\"show_link\":true,\"grid_default\":\"3\",\"grid_medium\":\"3\",\"filter_style\":\"tab\",\"filter_all\":true,\"filter_position\":\"top\",\"filter_align\":\"left\",\"filter_grid_width\":\"auto\",\"filter_grid_breakpoint\":\"m\",\"title_hover_style\":\"reset\",\"title_element\":\"h3\",\"title_align\":\"top\",\"title_grid_width\":\"1-2\",\"title_grid_breakpoint\":\"m\",\"meta_style\":\"meta\",\"meta_align\":\"below-title\",\"meta_element\":\"div\",\"content_column_breakpoint\":\"m\",\"icon_width\":80,\"image_align\":\"top\",\"image_grid_width\":\"1-2\",\"image_grid_breakpoint\":\"m\",\"image_svg_color\":\"emphasis\",\"link_text\":\"Read more\",\"link_style\":\"default\",\"margin\":\"default\",\"item_animation\":true,\"css\":\".el-image {\\n\\tborder-radius: 100%;\\n;}\",\"grid_column_gap\":\"small\"},\"children\":[{\"type\":\"grid_item\",\"props\":{\"image\":\"wp-content\\\/uploads\\\/2023\\\/01\\\/teambildveronica-1-scaled-e1674807188363.jpg\"}},{\"type\":\"grid_item\",\"props\":{\"image\":\"wp-content\\\/uploads\\\/2023\\\/01\\\/teambildtimmy-scaled-e1674484027703.jpg\"}},{\"type\":\"grid_item\",\"props\":{\"image\":\"wp-content\\\/uploads\\\/2023\\\/01\\\/linnea-scaled-e1674479643943.jpg\"}}]},{\"type\":\"panel\",\"props\":{\"link_text\":\"Read more\",\"title_hover_style\":\"reset\",\"title_element\":\"h3\",\"title_align\":\"top\",\"title_grid_width\":\"1-2\",\"title_grid_breakpoint\":\"m\",\"meta_style\":\"meta\",\"meta_align\":\"below-title\",\"meta_element\":\"div\",\"content_column_breakpoint\":\"m\",\"icon_width\":80,\"image_align\":\"top\",\"image_grid_width\":\"1-2\",\"image_grid_breakpoint\":\"m\",\"image_svg_color\":\"emphasis\",\"link_style\":\"default\",\"margin\":\"default\",\"content\":\"\n\n<p><span>Artillerigatan 16<\\\/span><br \\\/><span>114 51 Stockholm<\\\/span><br \\\/><span>Sverige<\\\/span><\\\/p>\",\"title\":\"Adress\",\"css\":\".el-element{\\n\\tmargin-top: 50px !important;\\n}\\n\"}},{\"type\":\"grid\",\"props\":{\"show_title\":false,\"show_meta\":false,\"show_content\":false,\"show_image\":true,\"show_link\":true,\"grid_default\":\"4\",\"grid_medium\":\"4\",\"filter_style\":\"tab\",\"filter_all\":true,\"filter_position\":\"top\",\"filter_align\":\"left\",\"filter_grid_width\":\"auto\",\"filter_grid_breakpoint\":\"m\",\"title_hover_style\":\"reset\",\"title_element\":\"h3\",\"title_align\":\"top\",\"title_grid_width\":\"1-2\",\"title_grid_breakpoint\":\"m\",\"meta_style\":\"meta\",\"meta_align\":\"below-title\",\"meta_element\":\"div\",\"content_column_breakpoint\":\"m\",\"icon_width\":80,\"image_align\":\"top\",\"image_grid_width\":\"1-2\",\"image_grid_breakpoint\":\"m\",\"image_svg_color\":\"emphasis\",\"link_text\":\"\",\"link_style\":\"default\",\"margin\":\"default\",\"item_animation\":true,\"image_link\":true,\"link_target\":true,\"text_align\":\"right\",\"class\":\"\",\"css\":\".el-item {\\n\\tmargin: 0 20px;    \\n}\\n.el-element{\\n    width: auto !important;\\n}\",\"position\":\"absolute\",\"position_right\":\"-20\",\"position_bottom\":\"-20\",\"grid_small\":\"4\",\"grid_column_gap\":\"collapse\"},\"children\":[{\"type\":\"grid_item\",\"props\":{\"image\":\"wp-content\\\/uploads\\\/2021\\\/12\\\/facebook.svg\",\"title\":\"Facebook\",\"link\":\"https:\\\/\\\/www.facebook.com\\\/babyjourneyapp\\\/\"}},{\"type\":\"grid_item\",\"props\":{\"image\":\"wp-content\\\/uploads\\\/2023\\\/02\\\/instagram-ikon.svg\",\"title\":\"Instagram\",\"link\":\"https:\\\/\\\/www.instagram.com\\\/babyjourneyapp\"}},{\"type\":\"grid_item\",\"props\":{\"image\":\"wp-content\\\/uploads\\\/2021\\\/12\\\/pinterest.svg\",\"title\":\"Pinterest\",\"link\":\"https:\\\/\\\/www.pinterest.com\\\/babyjourneyapp\\\/\"}},{\"type\":\"grid_item\",\"props\":{\"image\":\"wp-content\\\/uploads\\\/2023\\\/01\\\/linkedin.svg\",\"link\":\"https:\\\/\\\/www.linkedin.com\\\/company\\\/baby-journey-ab\",\"title\":\"LinkedIn\"}}]}]},{\"type\":\"column\",\"props\":{\"position_sticky_breakpoint\":\"m\",\"image_position\":\"center-center\",\"media_overlay_gradient\":\"\",\"width_medium\":\"1-2\",\"attributes\":\"\",\"css\":\".el-column {\\n  \\tborder-radius: 0 0 20px 20px;\\n    border: solid 2px #4D3D71;\\n    margin-top: 0;\\n}\\n\\n@media only screen and (min-width: 960px) {\\n    .el-column {\\n        border-radius: 0 20px 20px 0;\\n    }\\n}\",\"text_color\":\"dark\"},\"children\":[{\"type\":\"panel\",\"props\":{\"link_text\":\"Read more\",\"title_hover_style\":\"reset\",\"title_element\":\"h2\",\"title_align\":\"top\",\"title_grid_width\":\"1-2\",\"title_grid_breakpoint\":\"m\",\"meta_style\":\"meta\",\"meta_align\":\"below-title\",\"meta_element\":\"div\",\"content_column_breakpoint\":\"m\",\"icon_width\":80,\"image_align\":\"top\",\"image_grid_width\":\"1-2\",\"image_grid_breakpoint\":\"m\",\"image_svg_color\":\"emphasis\",\"link_style\":\"default\",\"margin\":\"default\",\"title\":\"Kontakta oss\",\"title_style\":\"h1\",\"css\":\".el-element {\\n    padding-top: 45px;\\n    padding-bottom: 0px;\\n    width: 550px;\\n}\\n\",\"text_align\":\"left\",\"class\":\"uk-padding uk-margin-auto\",\"title_color\":\"primary\",\"attributes\":\"\",\"margin_remove_bottom\":true}},{\"type\":\"html\",\"props\":{\"content\":\"[trp_language language=\\\"sv_SE\\\"]\\n<script charset=\\\"utf-8\\\" type=\\\"text\\\/javascript\\\" src=\\\"\\\/\\\/js.hsforms.net\\\/forms\\\/embed\\\/v2.js\\\"><\\\/script>\\n<script>\\n  hbspt.forms.create({\\n\\tregion: \\\"na1\\\",\\n\\tportalId: \\\"7086107\\\",\\n\\tformId: \\\"bca7a88f-3fbf-4eaf-96c7-e6a346f2cd43\\\"\\n  });\\n<\\\/script>\\n[\\\/trp_language]\\n\\n[trp_language language=\\\"en_US\\\"] \\n<script charset=\\\"utf-8\\\" type=\\\"text\\\/javascript\\\" src=\\\"\\\/\\\/js.hsforms.net\\\/forms\\\/embed\\\/v2.js\\\"><\\\/script>\\n<script>\\n  hbspt.forms.create({\\n    region: \\\"na1\\\",\\n    portalId: \\\"7086107\\\",\\n    formId: \\\"e0121390-c7a8-41c7-936a-ad2804f3008a\\\"\\n  });\\n<\\\/script>\\n[\\\/trp_language]\\n\\n[trp_language language=\\\"da_DK\\\"] \\n<script charset=\\\"utf-8\\\" type=\\\"text\\\/javascript\\\" src=\\\"\\\/\\\/js.hsforms.net\\\/forms\\\/embed\\\/v2.js\\\"><\\\/script>\\n<script>\\n  hbspt.forms.create({\\n    portalId: \\\"7086107\\\",\\n    formId: \\\"58b3d2c9-e3f7-4383-83d6-5e26ea93e8ac\\\"\\n  });\\n<\\\/script>\\n[\\\/trp_language]\\n\\n[trp_language language=\\\"de_DE\\\"] \\n<script charset=\\\"utf-8\\\" type=\\\"text\\\/javascript\\\" src=\\\"\\\/\\\/js.hsforms.net\\\/forms\\\/embed\\\/v2.js\\\"><\\\/script>\\n<script>\\n  hbspt.forms.create({\\n    portalId: \\\"7086107\\\",\\n    formId: \\\"11d717a2-9e54-4122-8284-4f79f938bfb7\\\"\\n  });\\n<\\\/script>\\n[\\\/trp_language]\",\"class\":\"uk-width-large uk-margin-auto uk-padding\",\"css\":\".el-element {\\n\\tpadding-bottom: 60px\\n}\",\"status\":\"\"},\"name\":\"Hubspot form\"}]}],\"props\":{\"layout\":\"1-2,1-2\",\"column_gap\":\"collapse\",\"margin_remove_top\":true}},{\"type\":\"row\",\"children\":[{\"type\":\"column\",\"props\":{\"position_sticky_breakpoint\":\"m\",\"image_position\":\"center-center\",\"media_overlay_gradient\":\"\"},\"children\":[]}]},{\"type\":\"row\",\"children\":[{\"type\":\"column\",\"props\":{\"position_sticky_breakpoint\":\"m\",\"image_position\":\"center-center\",\"media_overlay_gradient\":\"\"},\"children\":[]}]}],\"name\":\"Kontakt\"}],\"version\":\"2.7.26\"} --><\/p>\n","protected":false},"excerpt":{"rendered":"<p>Contact the sales team New projects and collaborations sales@babyjourney.se Address Artillerigatan 16114 51 StockholmSweden Facebook Instagram Pinterest LinkedIn Contact us<\/p>","protected":false},"author":1,"featured_media":0,"parent":0,"menu_order":0,"comment_status":"closed","ping_status":"closed","template":"","meta":{"_acf_changed":false,"footnotes":""},"class_list":["post-213","page","type-page","status-publish","hentry"],"acf":[],"yoast_head":"<!-- This site is optimized with the Yoast SEO plugin v27.2 - https:\/\/yoast.com\/product\/yoast-seo-wordpress\/ -->\n<title>Kontakta oss | Baby Journey<\/title>\n<meta name=\"description\" content=\"Har du fr\u00e5gor om Baby Journey och vill komma i kontakt med oss? Tveka inte att kontakta oss via formul\u00e4ret om fr\u00e5gor, f\u00f6rb\u00e4ttringsf\u00f6rslag, samarbeten etc.\" \/>\n<meta name=\"robots\" content=\"index, follow, max-snippet:-1, max-image-preview:large, max-video-preview:-1\" \/>\n<link rel=\"canonical\" href=\"https:\/\/webstaging.babyjourney.se\/en\/contact\/\" \/>\n<meta property=\"og:locale\" content=\"en_US\" \/>\n<meta property=\"og:type\" content=\"article\" \/>\n<meta property=\"og:title\" content=\"Kontakta oss | Baby Journey\" \/>\n<meta property=\"og:description\" content=\"Har du fr\u00e5gor om Baby Journey och vill komma i kontakt med oss? Tveka inte att kontakta oss via formul\u00e4ret om fr\u00e5gor, f\u00f6rb\u00e4ttringsf\u00f6rslag, samarbeten etc.\" \/>\n<meta property=\"og:url\" content=\"https:\/\/webstaging.babyjourney.se\/en\/contact\/\" \/>\n<meta property=\"og:site_name\" content=\"Baby Journey\" \/>\n<meta property=\"article:modified_time\" content=\"2025-04-17T08:09:12+00:00\" \/>\n<meta name=\"twitter:card\" content=\"summary_large_image\" \/>\n<meta name=\"twitter:label1\" content=\"Est. reading time\" \/>\n\t<meta name=\"twitter:data1\" content=\"2 minutes\" \/>\n<script type=\"application\/ld+json\" class=\"yoast-schema-graph\">{\"@context\":\"https:\/\/schema.org\",\"@graph\":[{\"@type\":\"WebPage\",\"@id\":\"https:\/\/webstaging.babyjourney.se\/kontakt\/\",\"url\":\"https:\/\/webstaging.babyjourney.se\/kontakt\/\",\"name\":\"Kontakta oss | Baby Journey\",\"isPartOf\":{\"@id\":\"https:\/\/webstaging.babyjourney.se\/#website\"},\"datePublished\":\"2021-12-02T13:43:15+00:00\",\"dateModified\":\"2025-04-17T08:09:12+00:00\",\"description\":\"Har du fr\u00e5gor om Baby Journey och vill komma i kontakt med oss? Tveka inte att kontakta oss via formul\u00e4ret om fr\u00e5gor, f\u00f6rb\u00e4ttringsf\u00f6rslag, samarbeten etc.\",\"breadcrumb\":{\"@id\":\"https:\/\/webstaging.babyjourney.se\/kontakt\/#breadcrumb\"},\"inLanguage\":\"en-US\",\"potentialAction\":[{\"@type\":\"ReadAction\",\"target\":[\"https:\/\/webstaging.babyjourney.se\/kontakt\/\"]}]},{\"@type\":\"BreadcrumbList\",\"@id\":\"https:\/\/webstaging.babyjourney.se\/kontakt\/#breadcrumb\",\"itemListElement\":[{\"@type\":\"ListItem\",\"position\":1,\"name\":\"Home\",\"item\":\"https:\/\/webstaging.babyjourney.se\/\"},{\"@type\":\"ListItem\",\"position\":2,\"name\":\"Kontakt\"}]},{\"@type\":\"WebSite\",\"@id\":\"https:\/\/webstaging.babyjourney.se\/#website\",\"url\":\"https:\/\/webstaging.babyjourney.se\/\",\"name\":\"Baby Journey\",\"description\":\"Baby Journey Gravidapp \u00e4r framtagen f\u00f6r att minska ensamheten under en graviditet och \u00f6ka samh\u00f6righeten bland gravida kvinnor och partners.\",\"potentialAction\":[{\"@type\":\"SearchAction\",\"target\":{\"@type\":\"EntryPoint\",\"urlTemplate\":\"https:\/\/webstaging.babyjourney.se\/?s={search_term_string}\"},\"query-input\":{\"@type\":\"PropertyValueSpecification\",\"valueRequired\":true,\"valueName\":\"search_term_string\"}}],\"inLanguage\":\"en-US\"}]}<\/script>\n<!-- \/ Yoast SEO plugin. -->","yoast_head_json":{"title":"Contact us | Baby Journey","description":"Do you have questions about Baby Journey and want to get in touch with us? Don't hesitate to contact us via the form about questions, suggestions for improvement, collaborations, etc.","robots":{"index":"index","follow":"follow","max-snippet":"max-snippet:-1","max-image-preview":"max-image-preview:large","max-video-preview":"max-video-preview:-1"},"canonical":"https:\/\/webstaging.babyjourney.se\/en\/contact\/","og_locale":"en_US","og_type":"article","og_title":"Kontakta oss | Baby Journey","og_description":"Har du fr\u00e5gor om Baby Journey och vill komma i kontakt med oss? Tveka inte att kontakta oss via formul\u00e4ret om fr\u00e5gor, f\u00f6rb\u00e4ttringsf\u00f6rslag, samarbeten etc.","og_url":"https:\/\/webstaging.babyjourney.se\/en\/contact\/","og_site_name":"Baby Journey","article_modified_time":"2025-04-17T08:09:12+00:00","twitter_card":"summary_large_image","twitter_misc":{"Est. reading time":"2 minutes"},"schema":{"@context":"https:\/\/schema.org","@graph":[{"@type":"WebPage","@id":"https:\/\/webstaging.babyjourney.se\/kontakt\/","url":"https:\/\/webstaging.babyjourney.se\/kontakt\/","name":"Contact us | Baby Journey","isPartOf":{"@id":"https:\/\/webstaging.babyjourney.se\/#website"},"datePublished":"2021-12-02T13:43:15+00:00","dateModified":"2025-04-17T08:09:12+00:00","description":"Do you have questions about Baby Journey and want to get in touch with us? Don't hesitate to contact us via the form about questions, suggestions for improvement, collaborations, etc.","breadcrumb":{"@id":"https:\/\/webstaging.babyjourney.se\/kontakt\/#breadcrumb"},"inLanguage":"en-US","potentialAction":[{"@type":"ReadAction","target":["https:\/\/webstaging.babyjourney.se\/kontakt\/"]}]},{"@type":"BreadcrumbList","@id":"https:\/\/webstaging.babyjourney.se\/kontakt\/#breadcrumb","itemListElement":[{"@type":"ListItem","position":1,"name":"Home","item":"https:\/\/webstaging.babyjourney.se\/"},{"@type":"ListItem","position":2,"name":"Kontakt"}]},{"@type":"WebSite","@id":"https:\/\/webstaging.babyjourney.se\/#website","url":"https:\/\/webstaging.babyjourney.se\/","name":"Baby Journey","description":"The Baby Journey Pregnancy App is designed to reduce loneliness during pregnancy and increase connection between pregnant women and their partners.","potentialAction":[{"@type":"SearchAction","target":{"@type":"EntryPoint","urlTemplate":"https:\/\/webstaging.babyjourney.se\/?s={search_term_string}"},"query-input":{"@type":"PropertyValueSpecification","valueRequired":true,"valueName":"search_term_string"}}],"inLanguage":"en-US"}]}},"_links":{"self":[{"href":"https:\/\/webstaging.babyjourney.se\/en\/wp-json\/wp\/v2\/pages\/213","targetHints":{"allow":["GET"]}}],"collection":[{"href":"https:\/\/webstaging.babyjourney.se\/en\/wp-json\/wp\/v2\/pages"}],"about":[{"href":"https:\/\/webstaging.babyjourney.se\/en\/wp-json\/wp\/v2\/types\/page"}],"author":[{"embeddable":true,"href":"https:\/\/webstaging.babyjourney.se\/en\/wp-json\/wp\/v2\/users\/1"}],"replies":[{"embeddable":true,"href":"https:\/\/webstaging.babyjourney.se\/en\/wp-json\/wp\/v2\/comments?post=213"}],"version-history":[{"count":70,"href":"https:\/\/webstaging.babyjourney.se\/en\/wp-json\/wp\/v2\/pages\/213\/revisions"}],"predecessor-version":[{"id":65873,"href":"https:\/\/webstaging.babyjourney.se\/en\/wp-json\/wp\/v2\/pages\/213\/revisions\/65873"}],"wp:attachment":[{"href":"https:\/\/webstaging.babyjourney.se\/en\/wp-json\/wp\/v2\/media?parent=213"}],"curies":[{"name":"wp","href":"https:\/\/api.w.org\/{rel}","templated":true}]}}